{"id":842,"date":"2019-01-10T09:10:21","date_gmt":"2019-01-10T09:10:21","guid":{"rendered":"http:\/\/www.bw-kancelaria.pl\/zakres-uslug\/"},"modified":"2020-05-26T12:50:33","modified_gmt":"2020-05-26T10:50:33","slug":"services","status":"publish","type":"page","link":"http:\/\/www.bw-kancelaria.pl\/en\/services\/","title":{"rendered":"Services"},"content":{"rendered":"<section data-kc-fullwidth=\"row\" class=\"kc-elm kc-css-204765 kc_row\"><div class=\"kc-row-container  kc-container\"><div class=\"kc-wrap-columns\"><div class=\"kc-elm kc-css-426865 kc_col-sm-12 kc_column kc_col-sm-12\"><div class=\"kc-col-container\">  <div class=\"section-title row  section-title-69fb182a0da02 text-center\">\r\n      <span><\/span>\r\n      <h2> Services<\/h2>\r\n        <\/div>\r\n       <div class=\"practice-area practice-style-1  practice-area-69fb182a0da43  \">\n      <div class=\"row clearfix\">\n              <div class=\"col-lg-4 col-md-6 col-sm-6\">\n            <div class=\"service-item\">\n                <div class=\"row\">\n                    <div class=\"col-lg-3 col-md-3 col-sm-3 col-3\">\n                        <div class=\"service-icon\">\n                            <i class=\"fi flaticon-parents\"><\/i>\n                        <\/div>\n                    <\/div>\n                    <div class=\"col-lg-9 col-md-9 col-sm-9 col-9\">\n                        <div class=\"service-text\">\n                            <h3><a href=\"http:\/\/www.bw-kancelaria.pl\/en\/service\/divorces-division-of-assets\/\">Rozwody \/ Podzia\u0142 maj\u0105tku<\/a><\/h3>\n                            <p><\/p>\n                        <\/div>\n                    <\/div>\n                <\/div>\n            <\/div>\n        <\/div>\n              <div class=\"col-lg-4 col-md-6 col-sm-6\">\n            <div class=\"service-item\">\n                <div class=\"row\">\n                    <div class=\"col-lg-3 col-md-3 col-sm-3 col-3\">\n                        <div class=\"service-icon\">\n                            <i class=\"fi flaticon-scale\"><\/i>\n                        <\/div>\n                    <\/div>\n                    <div class=\"col-lg-9 col-md-9 col-sm-9 col-9\">\n                        <div class=\"service-text\">\n                            <h3><a href=\"http:\/\/www.bw-kancelaria.pl\/en\/service\/legal-assistance-for-the-polish-community\/\">Pomoc prawna dla Polonii<\/a><\/h3>\n                            <p><\/p>\n                        <\/div>\n                    <\/div>\n                <\/div>\n            <\/div>\n        <\/div>\n              <div class=\"col-lg-4 col-md-6 col-sm-6\">\n            <div class=\"service-item\">\n                <div class=\"row\">\n                    <div class=\"col-lg-3 col-md-3 col-sm-3 col-3\">\n                        <div class=\"service-icon\">\n                            <i class=\"fi flaticon-network\"><\/i>\n                        <\/div>\n                    <\/div>\n                    <div class=\"col-lg-9 col-md-9 col-sm-9 col-9\">\n                        <div class=\"service-text\">\n                            <h3><a href=\"http:\/\/www.bw-kancelaria.pl\/en\/service\/job-placement-services\/\">Po\u015brednictwo w zatrudnianiu cudzoziemc\u00f3w<\/a><\/h3>\n                            <p><\/p>\n                        <\/div>\n                    <\/div>\n                <\/div>\n            <\/div>\n        <\/div>\n              <div class=\"col-lg-4 col-md-6 col-sm-6\">\n            <div class=\"service-item\">\n                <div class=\"row\">\n                    <div class=\"col-lg-3 col-md-3 col-sm-3 col-3\">\n                        <div class=\"service-icon\">\n                            <i class=\"fi flaticon-house\"><\/i>\n                        <\/div>\n                    <\/div>\n                    <div class=\"col-lg-9 col-md-9 col-sm-9 col-9\">\n                        <div class=\"service-text\">\n                            <h3><a href=\"http:\/\/www.bw-kancelaria.pl\/en\/service\/real-estate-recovery\/\">Odzyskiwanie nieruchomo\u015bci<\/a><\/h3>\n                            <p><\/p>\n                        <\/div>\n                    <\/div>\n                <\/div>\n            <\/div>\n        <\/div>\n              <div class=\"col-lg-4 col-md-6 col-sm-6\">\n            <div class=\"service-item\">\n                <div class=\"row\">\n                    <div class=\"col-lg-3 col-md-3 col-sm-3 col-3\">\n                        <div class=\"service-icon\">\n                            <i class=\"fi flaticon-employee\"><\/i>\n                        <\/div>\n                    <\/div>\n                    <div class=\"col-lg-9 col-md-9 col-sm-9 col-9\">\n                        <div class=\"service-text\">\n                            <h3><a href=\"http:\/\/www.bw-kancelaria.pl\/en\/service\/consumer-bankruptcy\/\">Upad\u0142o\u015bci konsumenckie<\/a><\/h3>\n                            <p><\/p>\n                        <\/div>\n                    <\/div>\n                <\/div>\n            <\/div>\n        <\/div>\n              <div class=\"col-lg-4 col-md-6 col-sm-6\">\n            <div class=\"service-item\">\n                <div class=\"row\">\n                    <div class=\"col-lg-3 col-md-3 col-sm-3 col-3\">\n                        <div class=\"service-icon\">\n                            <i class=\"fi flaticon-wounded\"><\/i>\n                        <\/div>\n                    <\/div>\n                    <div class=\"col-lg-9 col-md-9 col-sm-9 col-9\">\n                        <div class=\"service-text\">\n                            <h3><a href=\"http:\/\/www.bw-kancelaria.pl\/en\/service\/compensation\/\">Odszkodowania<\/a><\/h3>\n                            <p><\/p>\n                        <\/div>\n                    <\/div>\n                <\/div>\n            <\/div>\n        <\/div>\n              <div class=\"col-lg-4 col-md-6 col-sm-6\">\n            <div class=\"service-item\">\n                <div class=\"row\">\n                    <div class=\"col-lg-3 col-md-3 col-sm-3 col-3\">\n                        <div class=\"service-icon\">\n                            <i class=\"fi flaticon-wounded\"><\/i>\n                        <\/div>\n                    <\/div>\n                    <div class=\"col-lg-9 col-md-9 col-sm-9 col-9\">\n                        <div class=\"service-text\">\n                            <h3><a href=\"http:\/\/www.bw-kancelaria.pl\/en\/service\/zus-debt-restructuring-cancellations\/\">ZUS<\/a><\/h3>\n                            <p><\/p>\n                        <\/div>\n                    <\/div>\n                <\/div>\n            <\/div>\n        <\/div>\n              <div class=\"col-lg-4 col-md-6 col-sm-6\">\n            <div class=\"service-item\">\n                <div class=\"row\">\n                    <div class=\"col-lg-3 col-md-3 col-sm-3 col-3\">\n                        <div class=\"service-icon\">\n                            <i class=\"fi flaticon-wounded\"><\/i>\n                        <\/div>\n                    <\/div>\n                    <div class=\"col-lg-9 col-md-9 col-sm-9 col-9\">\n                        <div class=\"service-text\">\n                            <h3><a href=\"http:\/\/www.bw-kancelaria.pl\/en\/service\/health-protection-law\/\">Prawo ochrony zdrowia<\/a><\/h3>\n                            <p><\/p>\n                        <\/div>\n                    <\/div>\n                <\/div>\n            <\/div>\n        <\/div>\n              <div class=\"col-lg-4 col-md-6 col-sm-6\">\n            <div class=\"service-item\">\n                <div class=\"row\">\n                    <div class=\"col-lg-3 col-md-3 col-sm-3 col-3\">\n                        <div class=\"service-icon\">\n                            <i class=\"fi flaticon-network\"><\/i>\n                        <\/div>\n                    <\/div>\n                    <div class=\"col-lg-9 col-md-9 col-sm-9 col-9\">\n                        <div class=\"service-text\">\n                            <h3><a href=\"http:\/\/www.bw-kancelaria.pl\/en\/service\/public-procurement\/\">Zam\u00f3wienia publiczne<\/a><\/h3>\n                            <p><\/p>\n                        <\/div>\n                    <\/div>\n                <\/div>\n            <\/div>\n        <\/div>\n              <div class=\"col-lg-4 col-md-6 col-sm-6\">\n            <div class=\"service-item\">\n                <div class=\"row\">\n                    <div class=\"col-lg-3 col-md-3 col-sm-3 col-3\">\n                        <div class=\"service-icon\">\n                            <i class=\"fi flaticon-parents\"><\/i>\n                        <\/div>\n                    <\/div>\n                    <div class=\"col-lg-9 col-md-9 col-sm-9 col-9\">\n                        <div class=\"service-text\">\n                            <h3><a href=\"http:\/\/www.bw-kancelaria.pl\/en\/service\/marriage-to-foreign-nationals\/\">Zawieraie zwi\u0105zk\u00f3w ma\u0142\u017ce\u0144skich z obywatelami pa\u0144stw obcych<\/a><\/h3>\n                            <p><\/p>\n                        <\/div>\n                    <\/div>\n                <\/div>\n            <\/div>\n        <\/div>\n              <div class=\"col-lg-4 col-md-6 col-sm-6\">\n            <div class=\"service-item\">\n                <div class=\"row\">\n                    <div class=\"col-lg-3 col-md-3 col-sm-3 col-3\">\n                        <div class=\"service-icon\">\n                            <i class=\"fi flaticon-wounded\"><\/i>\n                        <\/div>\n                    <\/div>\n                    <div class=\"col-lg-9 col-md-9 col-sm-9 col-9\">\n                        <div class=\"service-text\">\n                            <h3><a href=\"http:\/\/www.bw-kancelaria.pl\/en\/service\/franc-loans-foreign-currency-loans\/\">Odszkodowania<\/a><\/h3>\n                            <p><\/p>\n                        <\/div>\n                    <\/div>\n                <\/div>\n            <\/div>\n        <\/div>\n            <\/div>\n     <\/div>\n    <\/div><\/div><\/div><\/div><\/section>\n","protected":false},"excerpt":{"rendered":"","protected":false},"author":1,"featured_media":0,"parent":0,"menu_order":0,"comment_status":"closed","ping_status":"closed","template":"","meta":[],"_links":{"self":[{"href":"http:\/\/www.bw-kancelaria.pl\/en\/wp-json\/wp\/v2\/pages\/842"}],"collection":[{"href":"http:\/\/www.bw-kancelaria.pl\/en\/wp-json\/wp\/v2\/pages"}],"about":[{"href":"http:\/\/www.bw-kancelaria.pl\/en\/wp-json\/wp\/v2\/types\/page"}],"author":[{"embeddable":true,"href":"http:\/\/www.bw-kancelaria.pl\/en\/wp-json\/wp\/v2\/users\/1"}],"replies":[{"embeddable":true,"href":"http:\/\/www.bw-kancelaria.pl\/en\/wp-json\/wp\/v2\/comments?post=842"}],"version-history":[{"count":3,"href":"http:\/\/www.bw-kancelaria.pl\/en\/wp-json\/wp\/v2\/pages\/842\/revisions"}],"predecessor-version":[{"id":920,"href":"http:\/\/www.bw-kancelaria.pl\/en\/wp-json\/wp\/v2\/pages\/842\/revisions\/920"}],"wp:attachment":[{"href":"http:\/\/www.bw-kancelaria.pl\/en\/wp-json\/wp\/v2\/media?parent=842"}],"curies":[{"name":"wp","href":"https:\/\/api.w.org\/{rel}","templated":true}]}}